{"id":117290,"date":"2020-02-20T08:39:51","date_gmt":"2022-01-19T14:20:16","guid":{"rendered":"https:\/\/www.tothesouth.com\/yard-force-sa800pro-robotklipparblad-i-titan\/"},"modified":"2022-01-19T16:20:16","modified_gmt":"2022-01-19T14:20:16","slug":"yardforce-sa800pro-robot-klippare-blad-titan","status":"publish","type":"product","link":"https:\/\/www.tothesouth.com\/sv\/produkt\/yardforce-sa800pro-robot-klippare-blad-titan\/","title":{"rendered":"Yard Force SA800PRO Robotklipparblad i titan"},"content":{"rendered":"<p>Yardforce SA800PRO robotgr\u00e4sklipparblad \u00e4r l\u00e4tta att byta ut sj\u00e4lv. Det \u00e4r mycket enklare att byta ut knivarna \u00e4n att slipa. Med dessa titanblad f\u00f6r Yardforce SA800PRO kommer du att ha en supersnygg gr\u00e4smatta i upp till tolv veckor! Eftersom vi rekommenderar att du byter ut knivarna var tredje m\u00e5nad kan du dra nytta av v\u00e5ra m\u00e4ngdrabatter. Ju fler blad du k\u00f6per, desto billigare blir det. Beh\u00f6ver du verkligen bara tre blad? Inga problem alls! Frakt \u00e4r alltid gratis. \u00c4ven f\u00f6r sm\u00e5 m\u00e4ngder.<\/p>\n<p>Naturligtvis vill du att dina robotgr\u00e4sklipparklingor ska levereras snabbt. Om du best\u00e4ller f\u00f6re kl. 12.00 skickas bladet samma dag. Bor du i Sverige? D\u00e5 levereras din best\u00e4llning inom n\u00e5gra arbetsdagar. Frakt till Sverige \u00e4r alltid gratis!<\/p>\n","protected":false},"excerpt":{"rendered":"<p>Dessa Yardforce robotgr\u00e4sklipparblad \u00e4r universella och d\u00e4rf\u00f6r l\u00e4mpliga f\u00f6r Yardforce SA800PRO robotgr\u00e4sklippare och alla andra Yardforce robotgr\u00e4sklippare. Eftersom knivarna \u00e4r tillverkade av 0,6 mm massivt st\u00e5l och belagda med titan h\u00e5ller de ungef\u00e4r en m\u00e5nad l\u00e4ngre \u00e4n st\u00e5lknivar. Dessutom \u00e4r knivarna slipade p\u00e5 b\u00e5de \u00f6ver- och undersida, vilket ger dig en \u00e4nnu t\u00e4tare gr\u00e4smatta. Bultarna f\u00f6r att montera knivarna ing\u00e5r, s\u00e5 den kompletta gr\u00e4sklipparen \u00e4r s\u00e5 bra som ny! Dessa Robotgr\u00e4sklippare Knivar av titan h\u00e5ller i upp till tre m\u00e5nader! Har du v\u00e5r <a href=\"https:\/\/www.tothesouth.com\/yardforce-robotmaaier-mesjes-black-coated-limited-edition\/\"><b> svartbelagda blad (begr\u00e4nsad upplaga)<\/b><\/a> sett redan? De \u00e4r ocks\u00e5 l\u00e4mpliga f\u00f6r denna gr\u00e4sklippare och h\u00e5ller i upp till fyra m\u00e5nader!<\/p>\n<p>Komplettera din best\u00e4llning nu med v\u00e5ra <a href=\"https:\/\/www.tothesouth.com\/kabelverbinders-perimeterdraad-yardforce-robotmaaiers\/\"><b>skarvkoppling<\/b><\/a>, <a href=\"https:\/\/www.tothesouth.com\/aansluitklemmen-stekkers-yardforce-robotmaaiers\/\"><b>Anslutningskontakt<\/b><\/a> och <a href=\"https:\/\/www.tothesouth.com\/draadpennen-haringen-yardforce-robotmaaiers\/\"><b>M\u00e4rlor<\/b><\/a>!<\/p>\n","protected":false},"featured_media":140306,"template":"","meta":[],"product_brand":[],"product_cat":[1434,1770,1854],"product_tag":[1783,1861],"class_list":{"0":"post-117290","1":"product","2":"type-product","3":"status-publish","4":"has-post-thumbnail","6":"product_cat-robotgrasklippare-knivar","7":"product_cat-yard-force-robotgrasklippare-knivar","8":"product_cat-yardforce-sa800pro-robotgrasklippare-knivar","9":"product_tag-gardsstyrka","10":"product_tag-sa800pro-sv","12":"first","13":"instock","14":"taxable","15":"shipping-taxable","16":"purchasable","17":"product-type-variable"},"yoast_head":"<!-- This site is optimized with the Yoast SEO plugin v27.3 - https:\/\/yoast.com\/product\/yoast-seo-wordpress\/ -->\n<title>Yard Force SA800PRO Robotklipparblad i titan - To the South<\/title>\n<meta name=\"description\" content=\"K\u00f6p Yardforce SA800PRO Robotklipparblad i titan online hos To the South. Vassa Robotgr\u00e4sklippare Knivar och alltid fri frakt!\" \/>\n<meta name=\"robots\" content=\"index, follow, max-snippet:-1, max-image-preview:large, max-video-preview:-1\" \/>\n<link rel=\"canonical\" href=\"https:\/\/www.tothesouth.com\/sv\/produkt\/yardforce-sa800pro-robot-klippare-blad-titan\/\" \/>\n<meta property=\"og:locale\" content=\"sv_SE\" \/>\n<meta property=\"og:type\" content=\"article\" \/>\n<meta property=\"og:title\" content=\"Yard Force SA800PRO Robotklipparblad i titan - To the South\" \/>\n<meta property=\"og:description\" content=\"K\u00f6p Yardforce SA800PRO Robotklipparblad i titan online hos To the South. Vassa Robotgr\u00e4sklippare Knivar och alltid fri frakt!\" \/>\n<meta property=\"og:url\" content=\"https:\/\/www.tothesouth.com\/sv\/produkt\/yardforce-sa800pro-robot-klippare-blad-titan\/\" \/>\n<meta property=\"og:site_name\" content=\"To the South\" \/>\n<meta property=\"article:publisher\" content=\"https:\/\/www.facebook.com\/tothesouthonline\" \/>\n<meta property=\"og:image\" content=\"https:\/\/www.tothesouth.com\/wp-content\/uploads\/2020\/02\/robotmaaier-mesjes-yardforce-titanium.jpg\" \/>\n\t<meta property=\"og:image:width\" content=\"800\" \/>\n\t<meta property=\"og:image:height\" content=\"800\" \/>\n\t<meta property=\"og:image:type\" content=\"image\/jpeg\" \/>\n<meta name=\"twitter:card\" content=\"summary_large_image\" \/>\n<meta name=\"twitter:label1\" content=\"Ber\u00e4knad l\u00e4stid\" \/>\n\t<meta name=\"twitter:data1\" content=\"1 minut\" \/>\n<script type=\"application\/ld+json\" class=\"yoast-schema-graph\">{\"@context\":\"https:\\\/\\\/schema.org\",\"@graph\":[{\"@type\":\"WebPage\",\"@id\":\"https:\\\/\\\/www.tothesouth.com\\\/sv\\\/produkt\\\/yardforce-sa800pro-robot-klippare-blad-titan\\\/\",\"url\":\"https:\\\/\\\/www.tothesouth.com\\\/sv\\\/produkt\\\/yardforce-sa800pro-robot-klippare-blad-titan\\\/\",\"name\":\"Yard Force SA800PRO Robotklipparblad i titan - To the South\",\"isPartOf\":{\"@id\":\"https:\\\/\\\/www.tothesouth.com\\\/sv\\\/#website\"},\"primaryImageOfPage\":{\"@id\":\"https:\\\/\\\/www.tothesouth.com\\\/sv\\\/produkt\\\/yardforce-sa800pro-robot-klippare-blad-titan\\\/#primaryimage\"},\"image\":{\"@id\":\"https:\\\/\\\/www.tothesouth.com\\\/sv\\\/produkt\\\/yardforce-sa800pro-robot-klippare-blad-titan\\\/#primaryimage\"},\"thumbnailUrl\":\"https:\\\/\\\/www.tothesouth.com\\\/wp-content\\\/uploads\\\/2024\\\/03\\\/yardforce-titanium-02.jpg\",\"datePublished\":\"2022-01-19T14:20:16+00:00\",\"description\":\"K\u00f6p Yardforce SA800PRO Robotklipparblad i titan online hos To the South. Vassa Robotgr\u00e4sklippare Knivar och alltid fri frakt!\",\"breadcrumb\":{\"@id\":\"https:\\\/\\\/www.tothesouth.com\\\/sv\\\/produkt\\\/yardforce-sa800pro-robot-klippare-blad-titan\\\/#breadcrumb\"},\"inLanguage\":\"sv-SE\",\"potentialAction\":[{\"@type\":\"ReadAction\",\"target\":[\"https:\\\/\\\/www.tothesouth.com\\\/sv\\\/produkt\\\/yardforce-sa800pro-robot-klippare-blad-titan\\\/\"]}]},{\"@type\":\"ImageObject\",\"inLanguage\":\"sv-SE\",\"@id\":\"https:\\\/\\\/www.tothesouth.com\\\/sv\\\/produkt\\\/yardforce-sa800pro-robot-klippare-blad-titan\\\/#primaryimage\",\"url\":\"https:\\\/\\\/www.tothesouth.com\\\/wp-content\\\/uploads\\\/2024\\\/03\\\/yardforce-titanium-02.jpg\",\"contentUrl\":\"https:\\\/\\\/www.tothesouth.com\\\/wp-content\\\/uploads\\\/2024\\\/03\\\/yardforce-titanium-02.jpg\",\"width\":1200,\"height\":1200,\"caption\":\"Yard Force robotmaaier mesjes titanium\"},{\"@type\":\"BreadcrumbList\",\"@id\":\"https:\\\/\\\/www.tothesouth.com\\\/sv\\\/produkt\\\/yardforce-sa800pro-robot-klippare-blad-titan\\\/#breadcrumb\",\"itemListElement\":[{\"@type\":\"ListItem\",\"position\":1,\"name\":\"Home\",\"item\":\"https:\\\/\\\/www.tothesouth.com\\\/sv\\\/hemsida\\\/\"},{\"@type\":\"ListItem\",\"position\":2,\"name\":\"Winkel\",\"item\":\"https:\\\/\\\/www.tothesouth.com\\\/en\\\/winkel\\\/\"},{\"@type\":\"ListItem\",\"position\":3,\"name\":\"Yard Force SA800PRO Robotklipparblad i titan\"}]},{\"@type\":\"WebSite\",\"@id\":\"https:\\\/\\\/www.tothesouth.com\\\/sv\\\/#website\",\"url\":\"https:\\\/\\\/www.tothesouth.com\\\/sv\\\/\",\"name\":\"To the South\",\"description\":\"\",\"publisher\":{\"@id\":\"https:\\\/\\\/www.tothesouth.com\\\/sv\\\/#organization\"},\"potentialAction\":[{\"@type\":\"SearchAction\",\"target\":{\"@type\":\"EntryPoint\",\"urlTemplate\":\"https:\\\/\\\/www.tothesouth.com\\\/sv\\\/?s={search_term_string}\"},\"query-input\":{\"@type\":\"PropertyValueSpecification\",\"valueRequired\":true,\"valueName\":\"search_term_string\"}}],\"inLanguage\":\"sv-SE\"},{\"@type\":\"Organization\",\"@id\":\"https:\\\/\\\/www.tothesouth.com\\\/sv\\\/#organization\",\"name\":\"To the South\",\"url\":\"https:\\\/\\\/www.tothesouth.com\\\/sv\\\/\",\"logo\":{\"@type\":\"ImageObject\",\"inLanguage\":\"sv-SE\",\"@id\":\"https:\\\/\\\/www.tothesouth.com\\\/sv\\\/#\\\/schema\\\/logo\\\/image\\\/\",\"url\":\"https:\\\/\\\/www.tothesouth.com\\\/wp-content\\\/uploads\\\/2023\\\/02\\\/Logo-kleur_staand-scaled.jpg\",\"contentUrl\":\"https:\\\/\\\/www.tothesouth.com\\\/wp-content\\\/uploads\\\/2023\\\/02\\\/Logo-kleur_staand-scaled.jpg\",\"width\":2048,\"height\":2048,\"caption\":\"To the South\"},\"image\":{\"@id\":\"https:\\\/\\\/www.tothesouth.com\\\/sv\\\/#\\\/schema\\\/logo\\\/image\\\/\"},\"sameAs\":[\"https:\\\/\\\/www.facebook.com\\\/tothesouthonline\",\"https:\\\/\\\/www.instagram.com\\\/tothesouthonline\\\/\"]}]}<\/script>\n<!-- \/ Yoast SEO plugin. -->","yoast_head_json":{"title":"Yard Force SA800PRO Robotklipparblad i titan - To the South","description":"K\u00f6p Yardforce SA800PRO Robotklipparblad i titan online hos To the South. Vassa Robotgr\u00e4sklippare Knivar och alltid fri frakt!","robots":{"index":"index","follow":"follow","max-snippet":"max-snippet:-1","max-image-preview":"max-image-preview:large","max-video-preview":"max-video-preview:-1"},"canonical":"https:\/\/www.tothesouth.com\/sv\/produkt\/yardforce-sa800pro-robot-klippare-blad-titan\/","og_locale":"sv_SE","og_type":"article","og_title":"Yard Force SA800PRO Robotklipparblad i titan - To the South","og_description":"K\u00f6p Yardforce SA800PRO Robotklipparblad i titan online hos To the South. Vassa Robotgr\u00e4sklippare Knivar och alltid fri frakt!","og_url":"https:\/\/www.tothesouth.com\/sv\/produkt\/yardforce-sa800pro-robot-klippare-blad-titan\/","og_site_name":"To the South","article_publisher":"https:\/\/www.facebook.com\/tothesouthonline","og_image":[{"width":800,"height":800,"url":"https:\/\/www.tothesouth.com\/wp-content\/uploads\/2020\/02\/robotmaaier-mesjes-yardforce-titanium.jpg","type":"image\/jpeg"}],"twitter_card":"summary_large_image","twitter_misc":{"Ber\u00e4knad l\u00e4stid":"1 minut"},"schema":{"@context":"https:\/\/schema.org","@graph":[{"@type":"WebPage","@id":"https:\/\/www.tothesouth.com\/sv\/produkt\/yardforce-sa800pro-robot-klippare-blad-titan\/","url":"https:\/\/www.tothesouth.com\/sv\/produkt\/yardforce-sa800pro-robot-klippare-blad-titan\/","name":"Yard Force SA800PRO Robotklipparblad i titan - To the South","isPartOf":{"@id":"https:\/\/www.tothesouth.com\/sv\/#website"},"primaryImageOfPage":{"@id":"https:\/\/www.tothesouth.com\/sv\/produkt\/yardforce-sa800pro-robot-klippare-blad-titan\/#primaryimage"},"image":{"@id":"https:\/\/www.tothesouth.com\/sv\/produkt\/yardforce-sa800pro-robot-klippare-blad-titan\/#primaryimage"},"thumbnailUrl":"https:\/\/www.tothesouth.com\/wp-content\/uploads\/2024\/03\/yardforce-titanium-02.jpg","datePublished":"2022-01-19T14:20:16+00:00","description":"K\u00f6p Yardforce SA800PRO Robotklipparblad i titan online hos To the South. Vassa Robotgr\u00e4sklippare Knivar och alltid fri frakt!","breadcrumb":{"@id":"https:\/\/www.tothesouth.com\/sv\/produkt\/yardforce-sa800pro-robot-klippare-blad-titan\/#breadcrumb"},"inLanguage":"sv-SE","potentialAction":[{"@type":"ReadAction","target":["https:\/\/www.tothesouth.com\/sv\/produkt\/yardforce-sa800pro-robot-klippare-blad-titan\/"]}]},{"@type":"ImageObject","inLanguage":"sv-SE","@id":"https:\/\/www.tothesouth.com\/sv\/produkt\/yardforce-sa800pro-robot-klippare-blad-titan\/#primaryimage","url":"https:\/\/www.tothesouth.com\/wp-content\/uploads\/2024\/03\/yardforce-titanium-02.jpg","contentUrl":"https:\/\/www.tothesouth.com\/wp-content\/uploads\/2024\/03\/yardforce-titanium-02.jpg","width":1200,"height":1200,"caption":"Yard Force robotmaaier mesjes titanium"},{"@type":"BreadcrumbList","@id":"https:\/\/www.tothesouth.com\/sv\/produkt\/yardforce-sa800pro-robot-klippare-blad-titan\/#breadcrumb","itemListElement":[{"@type":"ListItem","position":1,"name":"Home","item":"https:\/\/www.tothesouth.com\/sv\/hemsida\/"},{"@type":"ListItem","position":2,"name":"Winkel","item":"https:\/\/www.tothesouth.com\/en\/winkel\/"},{"@type":"ListItem","position":3,"name":"Yard Force SA800PRO Robotklipparblad i titan"}]},{"@type":"WebSite","@id":"https:\/\/www.tothesouth.com\/sv\/#website","url":"https:\/\/www.tothesouth.com\/sv\/","name":"To the South","description":"","publisher":{"@id":"https:\/\/www.tothesouth.com\/sv\/#organization"},"potentialAction":[{"@type":"SearchAction","target":{"@type":"EntryPoint","urlTemplate":"https:\/\/www.tothesouth.com\/sv\/?s={search_term_string}"},"query-input":{"@type":"PropertyValueSpecification","valueRequired":true,"valueName":"search_term_string"}}],"inLanguage":"sv-SE"},{"@type":"Organization","@id":"https:\/\/www.tothesouth.com\/sv\/#organization","name":"To the South","url":"https:\/\/www.tothesouth.com\/sv\/","logo":{"@type":"ImageObject","inLanguage":"sv-SE","@id":"https:\/\/www.tothesouth.com\/sv\/#\/schema\/logo\/image\/","url":"https:\/\/www.tothesouth.com\/wp-content\/uploads\/2023\/02\/Logo-kleur_staand-scaled.jpg","contentUrl":"https:\/\/www.tothesouth.com\/wp-content\/uploads\/2023\/02\/Logo-kleur_staand-scaled.jpg","width":2048,"height":2048,"caption":"To the South"},"image":{"@id":"https:\/\/www.tothesouth.com\/sv\/#\/schema\/logo\/image\/"},"sameAs":["https:\/\/www.facebook.com\/tothesouthonline","https:\/\/www.instagram.com\/tothesouthonline\/"]}]}},"_links":{"self":[{"href":"https:\/\/www.tothesouth.com\/sv\/wp-json\/wp\/v2\/product\/117290","targetHints":{"allow":["GET"]}}],"collection":[{"href":"https:\/\/www.tothesouth.com\/sv\/wp-json\/wp\/v2\/product"}],"about":[{"href":"https:\/\/www.tothesouth.com\/sv\/wp-json\/wp\/v2\/types\/product"}],"wp:featuredmedia":[{"embeddable":true,"href":"https:\/\/www.tothesouth.com\/sv\/wp-json\/wp\/v2\/media\/140306"}],"wp:attachment":[{"href":"https:\/\/www.tothesouth.com\/sv\/wp-json\/wp\/v2\/media?parent=117290"}],"wp:term":[{"taxonomy":"product_brand","embeddable":true,"href":"https:\/\/www.tothesouth.com\/sv\/wp-json\/wp\/v2\/product_brand?post=117290"},{"taxonomy":"product_cat","embeddable":true,"href":"https:\/\/www.tothesouth.com\/sv\/wp-json\/wp\/v2\/product_cat?post=117290"},{"taxonomy":"product_tag","embeddable":true,"href":"https:\/\/www.tothesouth.com\/sv\/wp-json\/wp\/v2\/product_tag?post=117290"}],"curies":[{"name":"wp","href":"https:\/\/api.w.org\/{rel}","templated":true}]}}