{"id":116888,"date":"2021-03-02T11:42:29","date_gmt":"2022-01-19T14:18:45","guid":{"rendered":"https:\/\/www.tothesouth.com\/ferrex-r800-easy-robotic-grasklippare-knivar-stal-aldi-robotic-grasklippare\/"},"modified":"2022-01-19T16:18:45","modified_gmt":"2022-01-19T14:18:45","slug":"ferrex-r800-easy-robotklippare-blad-stal","status":"publish","type":"product","link":"https:\/\/www.tothesouth.com\/sv\/produkt\/ferrex-r800-easy-robotklippare-blad-stal\/","title":{"rendered":"Ferrex R800 Easy Robotic Gr\u00e4sklippare knivar st\u00e5l (Aldi Robotic Gr\u00e4sklippare)"},"content":{"rendered":"<p>Ferrex R800 Easy robotgr\u00e4sklipparblad \u00e4r l\u00e4tta att byta ut sj\u00e4lv. Att byta ut knivarna p\u00e5 denna Aldi robotgr\u00e4sklippare \u00e4r mycket enklare \u00e4n att slipa. Med dessa st\u00e5lblad till Ferrex R800 Easy kommer du att ha en supert\u00e4t gr\u00e4smatta i upp till tio veckor! Eftersom vi rekommenderar att du byter ut knivarna var tredje m\u00e5nad kan du dra nytta av v\u00e5ra m\u00e4ngdrabatter. Ju fler blad du k\u00f6per, desto billigare blir det. Beh\u00f6ver du verkligen bara tre blad? Inga problem alls! Frakt \u00e4r alltid gratis. \u00c4ven f\u00f6r sm\u00e5 m\u00e4ngder.<\/p>\n<p>Naturligtvis vill du att dina robotgr\u00e4sklipparklingor ska levereras snabbt. Om du best\u00e4ller f\u00f6re kl. 12.00 skickas bladet samma dag. Bor du i Sverige? D\u00e5 levereras din best\u00e4llning inom n\u00e5gra arbetsdagar. Frakt till Sverige \u00e4r alltid gratis!<\/p>\n","protected":false},"excerpt":{"rendered":"<p>Dessa Ferrex robotgr\u00e4sklipparblad \u00e4r universella och d\u00e4rf\u00f6r l\u00e4mpliga f\u00f6r Ferrex R800 Easy robotgr\u00e4sklippare och alla andra Ferrex robotgr\u00e4sklippare. Eftersom knivarna \u00e4r tillverkade av 0,6 mm massivt st\u00e5l \u00e4r de mycket starka. Dessutom \u00e4r knivarna slipade p\u00e5 b\u00e5de \u00f6ver- och undersida, vilket ger dig en \u00e4nnu t\u00e4tare gr\u00e4smatta. Bultarna f\u00f6r att montera knivarna ing\u00e5r, s\u00e5 den kompletta gr\u00e4sklipparen \u00e4r s\u00e5 bra som ny! F\u00f6rutom st\u00e5lblad, som h\u00e5ller i ungef\u00e4r tv\u00e5 m\u00e5nader, s\u00e4ljer vi \u00e4ven <a href=\"https:\/\/www.tothesouth.com\/ferrex-r800-easy-robotmaaier-mesjes-titanium\/\"><b>titanblad<\/b><\/a>. Titanium robotgr\u00e4sklipparknivarna h\u00e5ller till och med i upp till tre m\u00e5nader! Har du v\u00e5r <a href=\"https:\/\/www.tothesouth.com\/ferrex-robotmaaier-mesjes-black-coated-limited-edition\/\"><b> svartbelagda blad (begr\u00e4nsad upplaga)<\/b><\/a> sett redan? De \u00e4r ocks\u00e5 l\u00e4mpliga f\u00f6r denna gr\u00e4sklippare och h\u00e5ller i upp till fyra m\u00e5nader!<\/p>\n<p>Komplettera din best\u00e4llning nu med v\u00e5ra <a href=\"https:\/\/www.tothesouth.com\/kabelverbinders-perimeterdraad-ferrex-robotmaaiers\/\"><b>skarvkoppling<\/b><\/a>, <a href=\"https:\/\/www.tothesouth.com\/aansluitklemmen-stekkers-ferrex-robotmaaiers\/\"><b>Anslutningskontakt<\/b><\/a> och <a href=\"https:\/\/www.tothesouth.com\/draadpennen-haringen-ferrex-robotmaaiers\/\"><b>M\u00e4rlor<\/b><\/a>!<\/p>\n","protected":false},"featured_media":139200,"template":"","meta":[],"product_brand":[],"product_cat":[1874,1869,1434],"product_tag":[1858,1877],"class_list":{"0":"post-116888","1":"product","2":"type-product","3":"status-publish","4":"has-post-thumbnail","6":"product_cat-ferrex-r800-easy-robotgrasklippare-knivar","7":"product_cat-ferrex-robotgrasklippare-knivar","8":"product_cat-robotgrasklippare-knivar","9":"product_tag-800-kr-latt","10":"product_tag-ferrex-sv","12":"first","13":"instock","14":"taxable","15":"shipping-taxable","16":"purchasable","17":"product-type-variable"},"yoast_head":"<!-- This site is optimized with the Yoast SEO plugin v27.4 - https:\/\/yoast.com\/product\/yoast-seo-wordpress\/ -->\n<title>Ferrex R800 Easy Robotic Gr\u00e4sklippare knivar st\u00e5l (Aldi Robotic Gr\u00e4sklippare) - To the South<\/title>\n<meta name=\"description\" content=\"K\u00f6p Ferrex R800 Easy Robotklipparblad online hos To the South. Vassa Robotgr\u00e4sklippare Knivar och alltid fri frakt!\" \/>\n<meta name=\"robots\" content=\"index, follow, max-snippet:-1, max-image-preview:large, max-video-preview:-1\" \/>\n<link rel=\"canonical\" href=\"https:\/\/www.tothesouth.com\/sv\/produkt\/ferrex-r800-easy-robotklippare-blad-stal\/\" \/>\n<meta property=\"og:locale\" content=\"sv_SE\" \/>\n<meta property=\"og:type\" content=\"article\" \/>\n<meta property=\"og:title\" content=\"Ferrex R800 Easy Robotic Gr\u00e4sklippare knivar st\u00e5l (Aldi Robotic Gr\u00e4sklippare) - To the South\" \/>\n<meta property=\"og:description\" content=\"K\u00f6p Ferrex R800 Easy Robotklipparblad online hos To the South. Vassa Robotgr\u00e4sklippare Knivar och alltid fri frakt!\" \/>\n<meta property=\"og:url\" content=\"https:\/\/www.tothesouth.com\/sv\/produkt\/ferrex-r800-easy-robotklippare-blad-stal\/\" \/>\n<meta property=\"og:site_name\" content=\"To the South\" \/>\n<meta property=\"article:publisher\" content=\"https:\/\/www.facebook.com\/tothesouthonline\" \/>\n<meta property=\"og:image\" content=\"https:\/\/www.tothesouth.com\/wp-content\/uploads\/2020\/04\/robotmaaier-mesjes-garden-feelings.jpg\" \/>\n\t<meta property=\"og:image:width\" content=\"800\" \/>\n\t<meta property=\"og:image:height\" content=\"800\" \/>\n\t<meta property=\"og:image:type\" content=\"image\/jpeg\" \/>\n<meta name=\"twitter:card\" content=\"summary_large_image\" \/>\n<meta name=\"twitter:label1\" content=\"Ber\u00e4knad l\u00e4stid\" \/>\n\t<meta name=\"twitter:data1\" content=\"1 minut\" \/>\n<script type=\"application\/ld+json\" class=\"yoast-schema-graph\">{\"@context\":\"https:\\\/\\\/schema.org\",\"@graph\":[{\"@type\":\"WebPage\",\"@id\":\"https:\\\/\\\/www.tothesouth.com\\\/sv\\\/produkt\\\/ferrex-r800-easy-robotklippare-blad-stal\\\/\",\"url\":\"https:\\\/\\\/www.tothesouth.com\\\/sv\\\/produkt\\\/ferrex-r800-easy-robotklippare-blad-stal\\\/\",\"name\":\"Ferrex R800 Easy Robotic Gr\u00e4sklippare knivar st\u00e5l (Aldi Robotic Gr\u00e4sklippare) - To the South\",\"isPartOf\":{\"@id\":\"https:\\\/\\\/www.tothesouth.com\\\/sv\\\/#website\"},\"primaryImageOfPage\":{\"@id\":\"https:\\\/\\\/www.tothesouth.com\\\/sv\\\/produkt\\\/ferrex-r800-easy-robotklippare-blad-stal\\\/#primaryimage\"},\"image\":{\"@id\":\"https:\\\/\\\/www.tothesouth.com\\\/sv\\\/produkt\\\/ferrex-r800-easy-robotklippare-blad-stal\\\/#primaryimage\"},\"thumbnailUrl\":\"https:\\\/\\\/www.tothesouth.com\\\/wp-content\\\/uploads\\\/2024\\\/03\\\/ferrex-staal-02.jpg\",\"datePublished\":\"2022-01-19T14:18:45+00:00\",\"description\":\"K\u00f6p Ferrex R800 Easy Robotklipparblad online hos To the South. Vassa Robotgr\u00e4sklippare Knivar och alltid fri frakt!\",\"breadcrumb\":{\"@id\":\"https:\\\/\\\/www.tothesouth.com\\\/sv\\\/produkt\\\/ferrex-r800-easy-robotklippare-blad-stal\\\/#breadcrumb\"},\"inLanguage\":\"sv-SE\",\"potentialAction\":[{\"@type\":\"ReadAction\",\"target\":[\"https:\\\/\\\/www.tothesouth.com\\\/sv\\\/produkt\\\/ferrex-r800-easy-robotklippare-blad-stal\\\/\"]}]},{\"@type\":\"ImageObject\",\"inLanguage\":\"sv-SE\",\"@id\":\"https:\\\/\\\/www.tothesouth.com\\\/sv\\\/produkt\\\/ferrex-r800-easy-robotklippare-blad-stal\\\/#primaryimage\",\"url\":\"https:\\\/\\\/www.tothesouth.com\\\/wp-content\\\/uploads\\\/2024\\\/03\\\/ferrex-staal-02.jpg\",\"contentUrl\":\"https:\\\/\\\/www.tothesouth.com\\\/wp-content\\\/uploads\\\/2024\\\/03\\\/ferrex-staal-02.jpg\",\"width\":1200,\"height\":1200,\"caption\":\"Ferrex robotmaaier mesjes staal\"},{\"@type\":\"BreadcrumbList\",\"@id\":\"https:\\\/\\\/www.tothesouth.com\\\/sv\\\/produkt\\\/ferrex-r800-easy-robotklippare-blad-stal\\\/#breadcrumb\",\"itemListElement\":[{\"@type\":\"ListItem\",\"position\":1,\"name\":\"Home\",\"item\":\"https:\\\/\\\/www.tothesouth.com\\\/sv\\\/hemsida\\\/\"},{\"@type\":\"ListItem\",\"position\":2,\"name\":\"Winkel\",\"item\":\"https:\\\/\\\/www.tothesouth.com\\\/en\\\/winkel\\\/\"},{\"@type\":\"ListItem\",\"position\":3,\"name\":\"Ferrex R800 Easy Robotic Gr\u00e4sklippare knivar st\u00e5l (Aldi Robotic Gr\u00e4sklippare)\"}]},{\"@type\":\"WebSite\",\"@id\":\"https:\\\/\\\/www.tothesouth.com\\\/sv\\\/#website\",\"url\":\"https:\\\/\\\/www.tothesouth.com\\\/sv\\\/\",\"name\":\"To the South\",\"description\":\"\",\"publisher\":{\"@id\":\"https:\\\/\\\/www.tothesouth.com\\\/sv\\\/#organization\"},\"potentialAction\":[{\"@type\":\"SearchAction\",\"target\":{\"@type\":\"EntryPoint\",\"urlTemplate\":\"https:\\\/\\\/www.tothesouth.com\\\/sv\\\/?s={search_term_string}\"},\"query-input\":{\"@type\":\"PropertyValueSpecification\",\"valueRequired\":true,\"valueName\":\"search_term_string\"}}],\"inLanguage\":\"sv-SE\"},{\"@type\":\"Organization\",\"@id\":\"https:\\\/\\\/www.tothesouth.com\\\/sv\\\/#organization\",\"name\":\"To the South\",\"url\":\"https:\\\/\\\/www.tothesouth.com\\\/sv\\\/\",\"logo\":{\"@type\":\"ImageObject\",\"inLanguage\":\"sv-SE\",\"@id\":\"https:\\\/\\\/www.tothesouth.com\\\/sv\\\/#\\\/schema\\\/logo\\\/image\\\/\",\"url\":\"https:\\\/\\\/www.tothesouth.com\\\/wp-content\\\/uploads\\\/2023\\\/02\\\/Logo-kleur_staand-scaled.jpg\",\"contentUrl\":\"https:\\\/\\\/www.tothesouth.com\\\/wp-content\\\/uploads\\\/2023\\\/02\\\/Logo-kleur_staand-scaled.jpg\",\"width\":2048,\"height\":2048,\"caption\":\"To the South\"},\"image\":{\"@id\":\"https:\\\/\\\/www.tothesouth.com\\\/sv\\\/#\\\/schema\\\/logo\\\/image\\\/\"},\"sameAs\":[\"https:\\\/\\\/www.facebook.com\\\/tothesouthonline\",\"https:\\\/\\\/www.instagram.com\\\/tothesouthonline\\\/\"]}]}<\/script>\n<!-- \/ Yoast SEO plugin. -->","yoast_head_json":{"title":"Ferrex R800 Easy Robotic Gr\u00e4sklippare knivar st\u00e5l (Aldi Robotic Gr\u00e4sklippare) - To the South","description":"K\u00f6p Ferrex R800 Easy Robotklipparblad online hos To the South. Vassa Robotgr\u00e4sklippare Knivar och alltid fri frakt!","robots":{"index":"index","follow":"follow","max-snippet":"max-snippet:-1","max-image-preview":"max-image-preview:large","max-video-preview":"max-video-preview:-1"},"canonical":"https:\/\/www.tothesouth.com\/sv\/produkt\/ferrex-r800-easy-robotklippare-blad-stal\/","og_locale":"sv_SE","og_type":"article","og_title":"Ferrex R800 Easy Robotic Gr\u00e4sklippare knivar st\u00e5l (Aldi Robotic Gr\u00e4sklippare) - To the South","og_description":"K\u00f6p Ferrex R800 Easy Robotklipparblad online hos To the South. Vassa Robotgr\u00e4sklippare Knivar och alltid fri frakt!","og_url":"https:\/\/www.tothesouth.com\/sv\/produkt\/ferrex-r800-easy-robotklippare-blad-stal\/","og_site_name":"To the South","article_publisher":"https:\/\/www.facebook.com\/tothesouthonline","og_image":[{"width":800,"height":800,"url":"https:\/\/www.tothesouth.com\/wp-content\/uploads\/2020\/04\/robotmaaier-mesjes-garden-feelings.jpg","type":"image\/jpeg"}],"twitter_card":"summary_large_image","twitter_misc":{"Ber\u00e4knad l\u00e4stid":"1 minut"},"schema":{"@context":"https:\/\/schema.org","@graph":[{"@type":"WebPage","@id":"https:\/\/www.tothesouth.com\/sv\/produkt\/ferrex-r800-easy-robotklippare-blad-stal\/","url":"https:\/\/www.tothesouth.com\/sv\/produkt\/ferrex-r800-easy-robotklippare-blad-stal\/","name":"Ferrex R800 Easy Robotic Gr\u00e4sklippare knivar st\u00e5l (Aldi Robotic Gr\u00e4sklippare) - To the South","isPartOf":{"@id":"https:\/\/www.tothesouth.com\/sv\/#website"},"primaryImageOfPage":{"@id":"https:\/\/www.tothesouth.com\/sv\/produkt\/ferrex-r800-easy-robotklippare-blad-stal\/#primaryimage"},"image":{"@id":"https:\/\/www.tothesouth.com\/sv\/produkt\/ferrex-r800-easy-robotklippare-blad-stal\/#primaryimage"},"thumbnailUrl":"https:\/\/www.tothesouth.com\/wp-content\/uploads\/2024\/03\/ferrex-staal-02.jpg","datePublished":"2022-01-19T14:18:45+00:00","description":"K\u00f6p Ferrex R800 Easy Robotklipparblad online hos To the South. Vassa Robotgr\u00e4sklippare Knivar och alltid fri frakt!","breadcrumb":{"@id":"https:\/\/www.tothesouth.com\/sv\/produkt\/ferrex-r800-easy-robotklippare-blad-stal\/#breadcrumb"},"inLanguage":"sv-SE","potentialAction":[{"@type":"ReadAction","target":["https:\/\/www.tothesouth.com\/sv\/produkt\/ferrex-r800-easy-robotklippare-blad-stal\/"]}]},{"@type":"ImageObject","inLanguage":"sv-SE","@id":"https:\/\/www.tothesouth.com\/sv\/produkt\/ferrex-r800-easy-robotklippare-blad-stal\/#primaryimage","url":"https:\/\/www.tothesouth.com\/wp-content\/uploads\/2024\/03\/ferrex-staal-02.jpg","contentUrl":"https:\/\/www.tothesouth.com\/wp-content\/uploads\/2024\/03\/ferrex-staal-02.jpg","width":1200,"height":1200,"caption":"Ferrex robotmaaier mesjes staal"},{"@type":"BreadcrumbList","@id":"https:\/\/www.tothesouth.com\/sv\/produkt\/ferrex-r800-easy-robotklippare-blad-stal\/#breadcrumb","itemListElement":[{"@type":"ListItem","position":1,"name":"Home","item":"https:\/\/www.tothesouth.com\/sv\/hemsida\/"},{"@type":"ListItem","position":2,"name":"Winkel","item":"https:\/\/www.tothesouth.com\/en\/winkel\/"},{"@type":"ListItem","position":3,"name":"Ferrex R800 Easy Robotic Gr\u00e4sklippare knivar st\u00e5l (Aldi Robotic Gr\u00e4sklippare)"}]},{"@type":"WebSite","@id":"https:\/\/www.tothesouth.com\/sv\/#website","url":"https:\/\/www.tothesouth.com\/sv\/","name":"To the South","description":"","publisher":{"@id":"https:\/\/www.tothesouth.com\/sv\/#organization"},"potentialAction":[{"@type":"SearchAction","target":{"@type":"EntryPoint","urlTemplate":"https:\/\/www.tothesouth.com\/sv\/?s={search_term_string}"},"query-input":{"@type":"PropertyValueSpecification","valueRequired":true,"valueName":"search_term_string"}}],"inLanguage":"sv-SE"},{"@type":"Organization","@id":"https:\/\/www.tothesouth.com\/sv\/#organization","name":"To the South","url":"https:\/\/www.tothesouth.com\/sv\/","logo":{"@type":"ImageObject","inLanguage":"sv-SE","@id":"https:\/\/www.tothesouth.com\/sv\/#\/schema\/logo\/image\/","url":"https:\/\/www.tothesouth.com\/wp-content\/uploads\/2023\/02\/Logo-kleur_staand-scaled.jpg","contentUrl":"https:\/\/www.tothesouth.com\/wp-content\/uploads\/2023\/02\/Logo-kleur_staand-scaled.jpg","width":2048,"height":2048,"caption":"To the South"},"image":{"@id":"https:\/\/www.tothesouth.com\/sv\/#\/schema\/logo\/image\/"},"sameAs":["https:\/\/www.facebook.com\/tothesouthonline","https:\/\/www.instagram.com\/tothesouthonline\/"]}]}},"_links":{"self":[{"href":"https:\/\/www.tothesouth.com\/sv\/wp-json\/wp\/v2\/product\/116888","targetHints":{"allow":["GET"]}}],"collection":[{"href":"https:\/\/www.tothesouth.com\/sv\/wp-json\/wp\/v2\/product"}],"about":[{"href":"https:\/\/www.tothesouth.com\/sv\/wp-json\/wp\/v2\/types\/product"}],"wp:featuredmedia":[{"embeddable":true,"href":"https:\/\/www.tothesouth.com\/sv\/wp-json\/wp\/v2\/media\/139200"}],"wp:attachment":[{"href":"https:\/\/www.tothesouth.com\/sv\/wp-json\/wp\/v2\/media?parent=116888"}],"wp:term":[{"taxonomy":"product_brand","embeddable":true,"href":"https:\/\/www.tothesouth.com\/sv\/wp-json\/wp\/v2\/product_brand?post=116888"},{"taxonomy":"product_cat","embeddable":true,"href":"https:\/\/www.tothesouth.com\/sv\/wp-json\/wp\/v2\/product_cat?post=116888"},{"taxonomy":"product_tag","embeddable":true,"href":"https:\/\/www.tothesouth.com\/sv\/wp-json\/wp\/v2\/product_tag?post=116888"}],"curies":[{"name":"wp","href":"https:\/\/api.w.org\/{rel}","templated":true}]}}