{"id":115480,"date":"2020-04-22T16:03:05","date_gmt":"2021-11-05T14:05:55","guid":{"rendered":"https:\/\/www.tothesouth.com\/worx-landroid-m700-robotgrasklippare-knivar-i-titan\/"},"modified":"2021-11-05T16:05:55","modified_gmt":"2021-11-05T14:05:55","slug":"worx-landroid-m700-robotgrasklippare-knivar-titan","status":"publish","type":"product","link":"https:\/\/www.tothesouth.com\/sv\/produkt\/worx-landroid-m700-robotgrasklippare-knivar-titan\/","title":{"rendered":"Worx Landroid M700 Robotgr\u00e4sklippare Knivar i titan"},"content":{"rendered":"<p>Worx Landroid M700 Robotgr\u00e4sklippare Knivar \u00e4r l\u00e4tta att byta ut sj\u00e4lv. Det \u00e4r mycket enklare att byta knivar \u00e4n att slipa. Med dessa titanblad f\u00f6r Worx Landroid M700 kommer du att ha en supersnygg gr\u00e4smatta i upp till tolv veckor! Eftersom det rekommenderas att byta ut knivarna var tredje m\u00e5nad kan du dra nytta av v\u00e5ra volymrabatter. Ju fler knivar du k\u00f6per, desto billigare \u00e4r kniven per styck. Beh\u00f6ver du verkligen bara tre blad? Inga problem! Frakten \u00e4r alltid gratis hos oss. \u00c4ven i sm\u00e5 antal.<\/p>\n<p>Naturligtvis vill du ha robotgr\u00e4sklipparen hemma snabbt. Om du best\u00e4ller f\u00f6re 12:00 skickas din best\u00e4llning samma dag. Du kommer att f\u00e5 din best\u00e4llning inom n\u00e5gra arbetsdagar. Du f\u00e5r din best\u00e4llning inom n\u00e5gra arbetsdagar! Frakt \u00e4r \u00e4ven gratis till Sverige!<\/p>\n","protected":false},"excerpt":{"rendered":"<p>Dessa Worx Robotgr\u00e4sklippare Knivar \u00e4r universella och d\u00e4rf\u00f6r l\u00e4mpliga f\u00f6r Worx Landroid M700 robotgr\u00e4sklippare och alla andra Worx robotgr\u00e4sklippare. Eftersom bladen \u00e4r gjorda av 0,9 mm massivt st\u00e5l och belagda med titan h\u00e5ller de ungef\u00e4r en m\u00e5nad l\u00e4ngre \u00e4n st\u00e5lblad. Dessutom slipas knivarna p\u00e5 b\u00e5de botten och ovansidan, s\u00e5 att du f\u00e5r en \u00e4nnu t\u00e4tare gr\u00e4smatta. Bultarna f\u00f6r montering av knivarna ing\u00e5r, s\u00e5 att den kompletta robotgr\u00e4sklipparen \u00e4r som ny igen! Dessa Robotgr\u00e4sklippare Knivar av titan h\u00e5ller i upp till tre m\u00e5nader!<\/p>\n<p>Slutf\u00f6r din best\u00e4llning nu med v\u00e5r <a href=\"https:\/\/www.tothesouth.com\/kabelverbinders-perimeterdraad-worx-robotmaaiers\/\"><b>Kabelkontakter<\/b><\/a>,<a href=\"https:\/\/www.tothesouth.com\/aansluitklemmen-stekkers-worx-robotmaaiers\/\"><b>Kabelkl\u00e4mma<\/b><\/a> och<a href=\"https:\/\/www.tothesouth.com\/draadpennen-haringen-worx-robotmaaiers\/\"><b>Tordpinnar f\u00f6r gr\u00e4skabel<\/b><\/a>!<\/p>\n","protected":false},"featured_media":147687,"template":"","meta":[],"product_brand":[],"product_cat":[1434,1692,1675],"product_tag":[1678,1693,1677],"class_list":{"0":"post-115480","1":"product","2":"type-product","3":"status-publish","4":"has-post-thumbnail","6":"product_cat-robotgrasklippare-knivar","7":"product_cat-worx-landroid-m700-robotgrasklippare-knivar","8":"product_cat-worx-robotgrasklippare-knivar","9":"product_tag-landroid-sv","10":"product_tag-m700-sv","11":"product_tag-worx-sv","13":"first","14":"instock","15":"taxable","16":"shipping-taxable","17":"purchasable","18":"product-type-variable"},"yoast_head":"<!-- This site is optimized with the Yoast SEO plugin v27.3 - https:\/\/yoast.com\/product\/yoast-seo-wordpress\/ -->\n<title>Worx Landroid M700 Robotgr\u00e4sklippare Knivar i titan - To the South<\/title>\n<meta name=\"description\" content=\"K\u00f6p Worx Landroid M700 Robotgr\u00e4sklippare Knivar i titan online hos To the South. Knivskarpa Robotgr\u00e4sklippare Knivar och alltid fri frakt!\" \/>\n<meta name=\"robots\" content=\"index, follow, max-snippet:-1, max-image-preview:large, max-video-preview:-1\" \/>\n<link rel=\"canonical\" href=\"https:\/\/www.tothesouth.com\/sv\/produkt\/worx-landroid-m700-robotgrasklippare-knivar-titan\/\" \/>\n<meta property=\"og:locale\" content=\"sv_SE\" \/>\n<meta property=\"og:type\" content=\"article\" \/>\n<meta property=\"og:title\" content=\"Worx Landroid M700 Robotgr\u00e4sklippare Knivar i titan - To the South\" \/>\n<meta property=\"og:description\" content=\"K\u00f6p Worx Landroid M700 Robotgr\u00e4sklippare Knivar i titan online hos To the South. Knivskarpa Robotgr\u00e4sklippare Knivar och alltid fri frakt!\" \/>\n<meta property=\"og:url\" content=\"https:\/\/www.tothesouth.com\/sv\/produkt\/worx-landroid-m700-robotgrasklippare-knivar-titan\/\" \/>\n<meta property=\"og:site_name\" content=\"To the South\" \/>\n<meta property=\"article:publisher\" content=\"https:\/\/www.facebook.com\/tothesouthonline\" \/>\n<meta property=\"og:image\" content=\"https:\/\/www.tothesouth.com\/wp-content\/uploads\/2020\/02\/robotmaaier-mesjes-worx-titanium.jpg\" \/>\n\t<meta property=\"og:image:width\" content=\"800\" \/>\n\t<meta property=\"og:image:height\" content=\"800\" \/>\n\t<meta property=\"og:image:type\" content=\"image\/jpeg\" \/>\n<meta name=\"twitter:card\" content=\"summary_large_image\" \/>\n<meta name=\"twitter:label1\" content=\"Ber\u00e4knad l\u00e4stid\" \/>\n\t<meta name=\"twitter:data1\" content=\"1 minut\" \/>\n<script type=\"application\/ld+json\" class=\"yoast-schema-graph\">{\"@context\":\"https:\\\/\\\/schema.org\",\"@graph\":[{\"@type\":\"WebPage\",\"@id\":\"https:\\\/\\\/www.tothesouth.com\\\/sv\\\/produkt\\\/worx-landroid-m700-robotgrasklippare-knivar-titan\\\/\",\"url\":\"https:\\\/\\\/www.tothesouth.com\\\/sv\\\/produkt\\\/worx-landroid-m700-robotgrasklippare-knivar-titan\\\/\",\"name\":\"Worx Landroid M700 Robotgr\u00e4sklippare Knivar i titan - To the South\",\"isPartOf\":{\"@id\":\"https:\\\/\\\/www.tothesouth.com\\\/sv\\\/#website\"},\"primaryImageOfPage\":{\"@id\":\"https:\\\/\\\/www.tothesouth.com\\\/sv\\\/produkt\\\/worx-landroid-m700-robotgrasklippare-knivar-titan\\\/#primaryimage\"},\"image\":{\"@id\":\"https:\\\/\\\/www.tothesouth.com\\\/sv\\\/produkt\\\/worx-landroid-m700-robotgrasklippare-knivar-titan\\\/#primaryimage\"},\"thumbnailUrl\":\"https:\\\/\\\/www.tothesouth.com\\\/wp-content\\\/uploads\\\/2024\\\/08\\\/worx-tita-02.jpg\",\"datePublished\":\"2021-11-05T14:05:55+00:00\",\"description\":\"K\u00f6p Worx Landroid M700 Robotgr\u00e4sklippare Knivar i titan online hos To the South. Knivskarpa Robotgr\u00e4sklippare Knivar och alltid fri frakt!\",\"breadcrumb\":{\"@id\":\"https:\\\/\\\/www.tothesouth.com\\\/sv\\\/produkt\\\/worx-landroid-m700-robotgrasklippare-knivar-titan\\\/#breadcrumb\"},\"inLanguage\":\"sv-SE\",\"potentialAction\":[{\"@type\":\"ReadAction\",\"target\":[\"https:\\\/\\\/www.tothesouth.com\\\/sv\\\/produkt\\\/worx-landroid-m700-robotgrasklippare-knivar-titan\\\/\"]}]},{\"@type\":\"ImageObject\",\"inLanguage\":\"sv-SE\",\"@id\":\"https:\\\/\\\/www.tothesouth.com\\\/sv\\\/produkt\\\/worx-landroid-m700-robotgrasklippare-knivar-titan\\\/#primaryimage\",\"url\":\"https:\\\/\\\/www.tothesouth.com\\\/wp-content\\\/uploads\\\/2024\\\/08\\\/worx-tita-02.jpg\",\"contentUrl\":\"https:\\\/\\\/www.tothesouth.com\\\/wp-content\\\/uploads\\\/2024\\\/08\\\/worx-tita-02.jpg\",\"width\":1100,\"height\":1100,\"caption\":\"Worx robotmaaier mesjes titanium\"},{\"@type\":\"BreadcrumbList\",\"@id\":\"https:\\\/\\\/www.tothesouth.com\\\/sv\\\/produkt\\\/worx-landroid-m700-robotgrasklippare-knivar-titan\\\/#breadcrumb\",\"itemListElement\":[{\"@type\":\"ListItem\",\"position\":1,\"name\":\"Home\",\"item\":\"https:\\\/\\\/www.tothesouth.com\\\/sv\\\/hemsida\\\/\"},{\"@type\":\"ListItem\",\"position\":2,\"name\":\"Winkel\",\"item\":\"https:\\\/\\\/www.tothesouth.com\\\/en\\\/winkel\\\/\"},{\"@type\":\"ListItem\",\"position\":3,\"name\":\"Worx Landroid M700 Robotgr\u00e4sklippare Knivar i titan\"}]},{\"@type\":\"WebSite\",\"@id\":\"https:\\\/\\\/www.tothesouth.com\\\/sv\\\/#website\",\"url\":\"https:\\\/\\\/www.tothesouth.com\\\/sv\\\/\",\"name\":\"To the South\",\"description\":\"\",\"publisher\":{\"@id\":\"https:\\\/\\\/www.tothesouth.com\\\/sv\\\/#organization\"},\"potentialAction\":[{\"@type\":\"SearchAction\",\"target\":{\"@type\":\"EntryPoint\",\"urlTemplate\":\"https:\\\/\\\/www.tothesouth.com\\\/sv\\\/?s={search_term_string}\"},\"query-input\":{\"@type\":\"PropertyValueSpecification\",\"valueRequired\":true,\"valueName\":\"search_term_string\"}}],\"inLanguage\":\"sv-SE\"},{\"@type\":\"Organization\",\"@id\":\"https:\\\/\\\/www.tothesouth.com\\\/sv\\\/#organization\",\"name\":\"To the South\",\"url\":\"https:\\\/\\\/www.tothesouth.com\\\/sv\\\/\",\"logo\":{\"@type\":\"ImageObject\",\"inLanguage\":\"sv-SE\",\"@id\":\"https:\\\/\\\/www.tothesouth.com\\\/sv\\\/#\\\/schema\\\/logo\\\/image\\\/\",\"url\":\"https:\\\/\\\/www.tothesouth.com\\\/wp-content\\\/uploads\\\/2023\\\/02\\\/Logo-kleur_staand-scaled.jpg\",\"contentUrl\":\"https:\\\/\\\/www.tothesouth.com\\\/wp-content\\\/uploads\\\/2023\\\/02\\\/Logo-kleur_staand-scaled.jpg\",\"width\":2048,\"height\":2048,\"caption\":\"To the South\"},\"image\":{\"@id\":\"https:\\\/\\\/www.tothesouth.com\\\/sv\\\/#\\\/schema\\\/logo\\\/image\\\/\"},\"sameAs\":[\"https:\\\/\\\/www.facebook.com\\\/tothesouthonline\",\"https:\\\/\\\/www.instagram.com\\\/tothesouthonline\\\/\"]}]}<\/script>\n<!-- \/ Yoast SEO plugin. -->","yoast_head_json":{"title":"Worx Landroid M700 Robotgr\u00e4sklippare Knivar i titan - To the South","description":"K\u00f6p Worx Landroid M700 Robotgr\u00e4sklippare Knivar i titan online hos To the South. Knivskarpa Robotgr\u00e4sklippare Knivar och alltid fri frakt!","robots":{"index":"index","follow":"follow","max-snippet":"max-snippet:-1","max-image-preview":"max-image-preview:large","max-video-preview":"max-video-preview:-1"},"canonical":"https:\/\/www.tothesouth.com\/sv\/produkt\/worx-landroid-m700-robotgrasklippare-knivar-titan\/","og_locale":"sv_SE","og_type":"article","og_title":"Worx Landroid M700 Robotgr\u00e4sklippare Knivar i titan - To the South","og_description":"K\u00f6p Worx Landroid M700 Robotgr\u00e4sklippare Knivar i titan online hos To the South. Knivskarpa Robotgr\u00e4sklippare Knivar och alltid fri frakt!","og_url":"https:\/\/www.tothesouth.com\/sv\/produkt\/worx-landroid-m700-robotgrasklippare-knivar-titan\/","og_site_name":"To the South","article_publisher":"https:\/\/www.facebook.com\/tothesouthonline","og_image":[{"width":800,"height":800,"url":"https:\/\/www.tothesouth.com\/wp-content\/uploads\/2020\/02\/robotmaaier-mesjes-worx-titanium.jpg","type":"image\/jpeg"}],"twitter_card":"summary_large_image","twitter_misc":{"Ber\u00e4knad l\u00e4stid":"1 minut"},"schema":{"@context":"https:\/\/schema.org","@graph":[{"@type":"WebPage","@id":"https:\/\/www.tothesouth.com\/sv\/produkt\/worx-landroid-m700-robotgrasklippare-knivar-titan\/","url":"https:\/\/www.tothesouth.com\/sv\/produkt\/worx-landroid-m700-robotgrasklippare-knivar-titan\/","name":"Worx Landroid M700 Robotgr\u00e4sklippare Knivar i titan - To the South","isPartOf":{"@id":"https:\/\/www.tothesouth.com\/sv\/#website"},"primaryImageOfPage":{"@id":"https:\/\/www.tothesouth.com\/sv\/produkt\/worx-landroid-m700-robotgrasklippare-knivar-titan\/#primaryimage"},"image":{"@id":"https:\/\/www.tothesouth.com\/sv\/produkt\/worx-landroid-m700-robotgrasklippare-knivar-titan\/#primaryimage"},"thumbnailUrl":"https:\/\/www.tothesouth.com\/wp-content\/uploads\/2024\/08\/worx-tita-02.jpg","datePublished":"2021-11-05T14:05:55+00:00","description":"K\u00f6p Worx Landroid M700 Robotgr\u00e4sklippare Knivar i titan online hos To the South. Knivskarpa Robotgr\u00e4sklippare Knivar och alltid fri frakt!","breadcrumb":{"@id":"https:\/\/www.tothesouth.com\/sv\/produkt\/worx-landroid-m700-robotgrasklippare-knivar-titan\/#breadcrumb"},"inLanguage":"sv-SE","potentialAction":[{"@type":"ReadAction","target":["https:\/\/www.tothesouth.com\/sv\/produkt\/worx-landroid-m700-robotgrasklippare-knivar-titan\/"]}]},{"@type":"ImageObject","inLanguage":"sv-SE","@id":"https:\/\/www.tothesouth.com\/sv\/produkt\/worx-landroid-m700-robotgrasklippare-knivar-titan\/#primaryimage","url":"https:\/\/www.tothesouth.com\/wp-content\/uploads\/2024\/08\/worx-tita-02.jpg","contentUrl":"https:\/\/www.tothesouth.com\/wp-content\/uploads\/2024\/08\/worx-tita-02.jpg","width":1100,"height":1100,"caption":"Worx robotmaaier mesjes titanium"},{"@type":"BreadcrumbList","@id":"https:\/\/www.tothesouth.com\/sv\/produkt\/worx-landroid-m700-robotgrasklippare-knivar-titan\/#breadcrumb","itemListElement":[{"@type":"ListItem","position":1,"name":"Home","item":"https:\/\/www.tothesouth.com\/sv\/hemsida\/"},{"@type":"ListItem","position":2,"name":"Winkel","item":"https:\/\/www.tothesouth.com\/en\/winkel\/"},{"@type":"ListItem","position":3,"name":"Worx Landroid M700 Robotgr\u00e4sklippare Knivar i titan"}]},{"@type":"WebSite","@id":"https:\/\/www.tothesouth.com\/sv\/#website","url":"https:\/\/www.tothesouth.com\/sv\/","name":"To the South","description":"","publisher":{"@id":"https:\/\/www.tothesouth.com\/sv\/#organization"},"potentialAction":[{"@type":"SearchAction","target":{"@type":"EntryPoint","urlTemplate":"https:\/\/www.tothesouth.com\/sv\/?s={search_term_string}"},"query-input":{"@type":"PropertyValueSpecification","valueRequired":true,"valueName":"search_term_string"}}],"inLanguage":"sv-SE"},{"@type":"Organization","@id":"https:\/\/www.tothesouth.com\/sv\/#organization","name":"To the South","url":"https:\/\/www.tothesouth.com\/sv\/","logo":{"@type":"ImageObject","inLanguage":"sv-SE","@id":"https:\/\/www.tothesouth.com\/sv\/#\/schema\/logo\/image\/","url":"https:\/\/www.tothesouth.com\/wp-content\/uploads\/2023\/02\/Logo-kleur_staand-scaled.jpg","contentUrl":"https:\/\/www.tothesouth.com\/wp-content\/uploads\/2023\/02\/Logo-kleur_staand-scaled.jpg","width":2048,"height":2048,"caption":"To the South"},"image":{"@id":"https:\/\/www.tothesouth.com\/sv\/#\/schema\/logo\/image\/"},"sameAs":["https:\/\/www.facebook.com\/tothesouthonline","https:\/\/www.instagram.com\/tothesouthonline\/"]}]}},"_links":{"self":[{"href":"https:\/\/www.tothesouth.com\/sv\/wp-json\/wp\/v2\/product\/115480","targetHints":{"allow":["GET"]}}],"collection":[{"href":"https:\/\/www.tothesouth.com\/sv\/wp-json\/wp\/v2\/product"}],"about":[{"href":"https:\/\/www.tothesouth.com\/sv\/wp-json\/wp\/v2\/types\/product"}],"wp:featuredmedia":[{"embeddable":true,"href":"https:\/\/www.tothesouth.com\/sv\/wp-json\/wp\/v2\/media\/147687"}],"wp:attachment":[{"href":"https:\/\/www.tothesouth.com\/sv\/wp-json\/wp\/v2\/media?parent=115480"}],"wp:term":[{"taxonomy":"product_brand","embeddable":true,"href":"https:\/\/www.tothesouth.com\/sv\/wp-json\/wp\/v2\/product_brand?post=115480"},{"taxonomy":"product_cat","embeddable":true,"href":"https:\/\/www.tothesouth.com\/sv\/wp-json\/wp\/v2\/product_cat?post=115480"},{"taxonomy":"product_tag","embeddable":true,"href":"https:\/\/www.tothesouth.com\/sv\/wp-json\/wp\/v2\/product_tag?post=115480"}],"curies":[{"name":"wp","href":"https:\/\/api.w.org\/{rel}","templated":true}]}}