{"id":114200,"date":"2020-04-01T14:14:55","date_gmt":"2021-10-21T12:05:30","guid":{"rendered":"https:\/\/www.tothesouth.com\/gardena-r130li-robotgrasklippare-knivar-stal\/"},"modified":"2021-10-21T14:05:30","modified_gmt":"2021-10-21T12:05:30","slug":"gardena-r130li-robotgrasklippare-knivar-stal","status":"publish","type":"product","link":"https:\/\/www.tothesouth.com\/sv\/produkt\/gardena-r130li-robotgrasklippare-knivar-stal\/","title":{"rendered":"Gardena R130Li Robotgr\u00e4sklippare Knivar st\u00e5l"},"content":{"rendered":"<p>Gardena R130Li Robotgr\u00e4sklippare Knivar \u00e4r enkla att byta sj\u00e4lv. Det \u00e4r mycket enklare att byta knivar \u00e4n att slipa. Med dessa st\u00e5lblad f\u00f6r Gardena R130Li f\u00e5r du en supert\u00e4t gr\u00e4smatta i upp till tio veckor! Eftersom det rekommenderas att byta ut knivarna varannan m\u00e5nad (f\u00f6r st\u00e5lblad) till tre m\u00e5nader (f\u00f6r titanblad) kan du dra nytta av v\u00e5ra volymrabatter. Ju fler knivar du k\u00f6per, desto billigare \u00e4r kniven per styck. Beh\u00f6ver du verkligen bara tre blad? Inga problem! Frakten \u00e4r alltid gratis hos oss. \u00c4ven i sm\u00e5 antal.<\/p>\n<p>Naturligtvis vill du ha robotgr\u00e4sklipparen hemma snabbt. Om du best\u00e4ller f\u00f6re 12:00 skickas din best\u00e4llning samma dag. Du kommer att f\u00e5 din best\u00e4llning inom n\u00e5gra arbetsdagar. Du f\u00e5r din best\u00e4llning inom n\u00e5gra arbetsdagar! Frakt \u00e4r \u00e4ven gratis till Sverige!<\/p>\n","protected":false},"excerpt":{"rendered":"<p>Dessa Gardena Robotgr\u00e4sklippare Knivar \u00e4r universella och d\u00e4rf\u00f6r l\u00e4mpliga f\u00f6r Gardena R130Li robotgr\u00e4sklippare och alla andra Gardena robotgr\u00e4sklippare. Eftersom bladen \u00e4r gjorda av 0,6 mm massivt st\u00e5l \u00e4r de mycket starka. Dessutom slipas knivarna p\u00e5 b\u00e5de botten och ovansidan, s\u00e5 att du f\u00e5r en \u00e4nnu t\u00e4tare gr\u00e4smatta. Bultarna f\u00f6r montering av knivarna ing\u00e5r, s\u00e5 att den kompletta robotgr\u00e4sklipparen \u00e4r som ny igen! F\u00f6rutom st\u00e5lblad som h\u00e5ller cirka tv\u00e5 m\u00e5nader s\u00e4ljer vi ocks\u00e5<a href=\"https:\/\/www.tothesouth.com\/gardena-r130li-robotmaaier-mesjes-titanium\/\"><b> titanblad<\/b><\/a>. Titan Robotgr\u00e4sklippare Knivar h\u00e5ller \u00e4ven upp till tre m\u00e5nader! Har du v\u00e5r <a href=\"https:\/\/www.tothesouth.com\/gardena-robotmaaier-mesjes-black-coated-limited-edition\/\"><b>svartbelagda blad (begr\u00e4nsad upplaga)<\/b><\/a> sett redan? De \u00e4r ocks\u00e5 l\u00e4mpliga f\u00f6r denna gr\u00e4sklippare och h\u00e5ller i upp till fyra m\u00e5nader!<\/p>\n<p>Slutf\u00f6r din best\u00e4llning nu med v\u00e5r <a href=\"https:\/\/www.tothesouth.com\/kabelverbinders-perimeterdraad-gardena-robotmaaiers\/\"><b>Kabelkontakter<\/b><\/a>,<a href=\"https:\/\/www.tothesouth.com\/aansluitklemmen-stekkers-gardena-robotmaaiers\/\"><b>Kabelkl\u00e4mma<\/b><\/a> och<a href=\"https:\/\/www.tothesouth.com\/draadpennen-haringen-gardena-robotmaaiers\/\"><b>Tordpinnar f\u00f6r gr\u00e4skabel<\/b><\/a>!<\/p>\n","protected":false},"featured_media":138995,"template":"","meta":[],"product_brand":[],"product_cat":[1434],"product_tag":[1506,1559],"class_list":{"0":"post-114200","1":"product","2":"type-product","3":"status-publish","4":"has-post-thumbnail","6":"product_cat-robotgrasklippare-knivar","7":"product_tag-gardena-sv","8":"product_tag-r130-li","10":"first","11":"instock","12":"taxable","13":"shipping-taxable","14":"purchasable","15":"product-type-variable"},"yoast_head":"<!-- This site is optimized with the Yoast SEO plugin v27.4 - https:\/\/yoast.com\/product\/yoast-seo-wordpress\/ -->\n<title>Gardena R130Li Robotgr\u00e4sklippare Knivar st\u00e5l - To the South<\/title>\n<meta name=\"description\" content=\"Du kan k\u00f6pa Gardena R130Li Robotgr\u00e4sklippare Knivar online p\u00e5 To the South. Knivskarpa Robotgr\u00e4sklippare Knivar och alltid fri frakt!\" \/>\n<meta name=\"robots\" content=\"index, follow, max-snippet:-1, max-image-preview:large, max-video-preview:-1\" \/>\n<link rel=\"canonical\" href=\"https:\/\/www.tothesouth.com\/sv\/produkt\/gardena-r130li-robotgrasklippare-knivar-stal\/\" \/>\n<meta property=\"og:locale\" content=\"sv_SE\" \/>\n<meta property=\"og:type\" content=\"article\" \/>\n<meta property=\"og:title\" content=\"Gardena R130Li Robotgr\u00e4sklippare Knivar st\u00e5l - To the South\" \/>\n<meta property=\"og:description\" content=\"Du kan k\u00f6pa Gardena R130Li Robotgr\u00e4sklippare Knivar online p\u00e5 To the South. Knivskarpa Robotgr\u00e4sklippare Knivar och alltid fri frakt!\" \/>\n<meta property=\"og:url\" content=\"https:\/\/www.tothesouth.com\/sv\/produkt\/gardena-r130li-robotgrasklippare-knivar-stal\/\" \/>\n<meta property=\"og:site_name\" content=\"To the South\" \/>\n<meta property=\"article:publisher\" content=\"https:\/\/www.facebook.com\/tothesouthonline\" \/>\n<meta property=\"og:image\" content=\"https:\/\/www.tothesouth.com\/wp-content\/uploads\/2020\/02\/robotmaaier-mesjes-gardena.jpg\" \/>\n\t<meta property=\"og:image:width\" content=\"800\" \/>\n\t<meta property=\"og:image:height\" content=\"800\" \/>\n\t<meta property=\"og:image:type\" content=\"image\/jpeg\" \/>\n<meta name=\"twitter:card\" content=\"summary_large_image\" \/>\n<meta name=\"twitter:label1\" content=\"Ber\u00e4knad l\u00e4stid\" \/>\n\t<meta name=\"twitter:data1\" content=\"1 minut\" \/>\n<script type=\"application\/ld+json\" class=\"yoast-schema-graph\">{\"@context\":\"https:\\\/\\\/schema.org\",\"@graph\":[{\"@type\":\"WebPage\",\"@id\":\"https:\\\/\\\/www.tothesouth.com\\\/sv\\\/produkt\\\/gardena-r130li-robotgrasklippare-knivar-stal\\\/\",\"url\":\"https:\\\/\\\/www.tothesouth.com\\\/sv\\\/produkt\\\/gardena-r130li-robotgrasklippare-knivar-stal\\\/\",\"name\":\"Gardena R130Li Robotgr\u00e4sklippare Knivar st\u00e5l - To the South\",\"isPartOf\":{\"@id\":\"https:\\\/\\\/www.tothesouth.com\\\/sv\\\/#website\"},\"primaryImageOfPage\":{\"@id\":\"https:\\\/\\\/www.tothesouth.com\\\/sv\\\/produkt\\\/gardena-r130li-robotgrasklippare-knivar-stal\\\/#primaryimage\"},\"image\":{\"@id\":\"https:\\\/\\\/www.tothesouth.com\\\/sv\\\/produkt\\\/gardena-r130li-robotgrasklippare-knivar-stal\\\/#primaryimage\"},\"thumbnailUrl\":\"https:\\\/\\\/www.tothesouth.com\\\/wp-content\\\/uploads\\\/2024\\\/03\\\/gardena-staal-02.jpg\",\"datePublished\":\"2021-10-21T12:05:30+00:00\",\"description\":\"Du kan k\u00f6pa Gardena R130Li Robotgr\u00e4sklippare Knivar online p\u00e5 To the South. Knivskarpa Robotgr\u00e4sklippare Knivar och alltid fri frakt!\",\"breadcrumb\":{\"@id\":\"https:\\\/\\\/www.tothesouth.com\\\/sv\\\/produkt\\\/gardena-r130li-robotgrasklippare-knivar-stal\\\/#breadcrumb\"},\"inLanguage\":\"sv-SE\",\"potentialAction\":[{\"@type\":\"ReadAction\",\"target\":[\"https:\\\/\\\/www.tothesouth.com\\\/sv\\\/produkt\\\/gardena-r130li-robotgrasklippare-knivar-stal\\\/\"]}]},{\"@type\":\"ImageObject\",\"inLanguage\":\"sv-SE\",\"@id\":\"https:\\\/\\\/www.tothesouth.com\\\/sv\\\/produkt\\\/gardena-r130li-robotgrasklippare-knivar-stal\\\/#primaryimage\",\"url\":\"https:\\\/\\\/www.tothesouth.com\\\/wp-content\\\/uploads\\\/2024\\\/03\\\/gardena-staal-02.jpg\",\"contentUrl\":\"https:\\\/\\\/www.tothesouth.com\\\/wp-content\\\/uploads\\\/2024\\\/03\\\/gardena-staal-02.jpg\",\"width\":1200,\"height\":1200,\"caption\":\"Gardena robotmaaier mesjes staal\"},{\"@type\":\"BreadcrumbList\",\"@id\":\"https:\\\/\\\/www.tothesouth.com\\\/sv\\\/produkt\\\/gardena-r130li-robotgrasklippare-knivar-stal\\\/#breadcrumb\",\"itemListElement\":[{\"@type\":\"ListItem\",\"position\":1,\"name\":\"Home\",\"item\":\"https:\\\/\\\/www.tothesouth.com\\\/sv\\\/hemsida\\\/\"},{\"@type\":\"ListItem\",\"position\":2,\"name\":\"Winkel\",\"item\":\"https:\\\/\\\/www.tothesouth.com\\\/en\\\/winkel\\\/\"},{\"@type\":\"ListItem\",\"position\":3,\"name\":\"Gardena R130Li Robotgr\u00e4sklippare Knivar st\u00e5l\"}]},{\"@type\":\"WebSite\",\"@id\":\"https:\\\/\\\/www.tothesouth.com\\\/sv\\\/#website\",\"url\":\"https:\\\/\\\/www.tothesouth.com\\\/sv\\\/\",\"name\":\"To the South\",\"description\":\"\",\"publisher\":{\"@id\":\"https:\\\/\\\/www.tothesouth.com\\\/sv\\\/#organization\"},\"potentialAction\":[{\"@type\":\"SearchAction\",\"target\":{\"@type\":\"EntryPoint\",\"urlTemplate\":\"https:\\\/\\\/www.tothesouth.com\\\/sv\\\/?s={search_term_string}\"},\"query-input\":{\"@type\":\"PropertyValueSpecification\",\"valueRequired\":true,\"valueName\":\"search_term_string\"}}],\"inLanguage\":\"sv-SE\"},{\"@type\":\"Organization\",\"@id\":\"https:\\\/\\\/www.tothesouth.com\\\/sv\\\/#organization\",\"name\":\"To the South\",\"url\":\"https:\\\/\\\/www.tothesouth.com\\\/sv\\\/\",\"logo\":{\"@type\":\"ImageObject\",\"inLanguage\":\"sv-SE\",\"@id\":\"https:\\\/\\\/www.tothesouth.com\\\/sv\\\/#\\\/schema\\\/logo\\\/image\\\/\",\"url\":\"https:\\\/\\\/www.tothesouth.com\\\/wp-content\\\/uploads\\\/2023\\\/02\\\/Logo-kleur_staand-scaled.jpg\",\"contentUrl\":\"https:\\\/\\\/www.tothesouth.com\\\/wp-content\\\/uploads\\\/2023\\\/02\\\/Logo-kleur_staand-scaled.jpg\",\"width\":2048,\"height\":2048,\"caption\":\"To the South\"},\"image\":{\"@id\":\"https:\\\/\\\/www.tothesouth.com\\\/sv\\\/#\\\/schema\\\/logo\\\/image\\\/\"},\"sameAs\":[\"https:\\\/\\\/www.facebook.com\\\/tothesouthonline\",\"https:\\\/\\\/www.instagram.com\\\/tothesouthonline\\\/\"]}]}<\/script>\n<!-- \/ Yoast SEO plugin. -->","yoast_head_json":{"title":"Gardena R130Li Robotgr\u00e4sklippare Knivar st\u00e5l - To the South","description":"Du kan k\u00f6pa Gardena R130Li Robotgr\u00e4sklippare Knivar online p\u00e5 To the South. Knivskarpa Robotgr\u00e4sklippare Knivar och alltid fri frakt!","robots":{"index":"index","follow":"follow","max-snippet":"max-snippet:-1","max-image-preview":"max-image-preview:large","max-video-preview":"max-video-preview:-1"},"canonical":"https:\/\/www.tothesouth.com\/sv\/produkt\/gardena-r130li-robotgrasklippare-knivar-stal\/","og_locale":"sv_SE","og_type":"article","og_title":"Gardena R130Li Robotgr\u00e4sklippare Knivar st\u00e5l - To the South","og_description":"Du kan k\u00f6pa Gardena R130Li Robotgr\u00e4sklippare Knivar online p\u00e5 To the South. Knivskarpa Robotgr\u00e4sklippare Knivar och alltid fri frakt!","og_url":"https:\/\/www.tothesouth.com\/sv\/produkt\/gardena-r130li-robotgrasklippare-knivar-stal\/","og_site_name":"To the South","article_publisher":"https:\/\/www.facebook.com\/tothesouthonline","og_image":[{"width":800,"height":800,"url":"https:\/\/www.tothesouth.com\/wp-content\/uploads\/2020\/02\/robotmaaier-mesjes-gardena.jpg","type":"image\/jpeg"}],"twitter_card":"summary_large_image","twitter_misc":{"Ber\u00e4knad l\u00e4stid":"1 minut"},"schema":{"@context":"https:\/\/schema.org","@graph":[{"@type":"WebPage","@id":"https:\/\/www.tothesouth.com\/sv\/produkt\/gardena-r130li-robotgrasklippare-knivar-stal\/","url":"https:\/\/www.tothesouth.com\/sv\/produkt\/gardena-r130li-robotgrasklippare-knivar-stal\/","name":"Gardena R130Li Robotgr\u00e4sklippare Knivar st\u00e5l - To the South","isPartOf":{"@id":"https:\/\/www.tothesouth.com\/sv\/#website"},"primaryImageOfPage":{"@id":"https:\/\/www.tothesouth.com\/sv\/produkt\/gardena-r130li-robotgrasklippare-knivar-stal\/#primaryimage"},"image":{"@id":"https:\/\/www.tothesouth.com\/sv\/produkt\/gardena-r130li-robotgrasklippare-knivar-stal\/#primaryimage"},"thumbnailUrl":"https:\/\/www.tothesouth.com\/wp-content\/uploads\/2024\/03\/gardena-staal-02.jpg","datePublished":"2021-10-21T12:05:30+00:00","description":"Du kan k\u00f6pa Gardena R130Li Robotgr\u00e4sklippare Knivar online p\u00e5 To the South. Knivskarpa Robotgr\u00e4sklippare Knivar och alltid fri frakt!","breadcrumb":{"@id":"https:\/\/www.tothesouth.com\/sv\/produkt\/gardena-r130li-robotgrasklippare-knivar-stal\/#breadcrumb"},"inLanguage":"sv-SE","potentialAction":[{"@type":"ReadAction","target":["https:\/\/www.tothesouth.com\/sv\/produkt\/gardena-r130li-robotgrasklippare-knivar-stal\/"]}]},{"@type":"ImageObject","inLanguage":"sv-SE","@id":"https:\/\/www.tothesouth.com\/sv\/produkt\/gardena-r130li-robotgrasklippare-knivar-stal\/#primaryimage","url":"https:\/\/www.tothesouth.com\/wp-content\/uploads\/2024\/03\/gardena-staal-02.jpg","contentUrl":"https:\/\/www.tothesouth.com\/wp-content\/uploads\/2024\/03\/gardena-staal-02.jpg","width":1200,"height":1200,"caption":"Gardena robotmaaier mesjes staal"},{"@type":"BreadcrumbList","@id":"https:\/\/www.tothesouth.com\/sv\/produkt\/gardena-r130li-robotgrasklippare-knivar-stal\/#breadcrumb","itemListElement":[{"@type":"ListItem","position":1,"name":"Home","item":"https:\/\/www.tothesouth.com\/sv\/hemsida\/"},{"@type":"ListItem","position":2,"name":"Winkel","item":"https:\/\/www.tothesouth.com\/en\/winkel\/"},{"@type":"ListItem","position":3,"name":"Gardena R130Li Robotgr\u00e4sklippare Knivar st\u00e5l"}]},{"@type":"WebSite","@id":"https:\/\/www.tothesouth.com\/sv\/#website","url":"https:\/\/www.tothesouth.com\/sv\/","name":"To the South","description":"","publisher":{"@id":"https:\/\/www.tothesouth.com\/sv\/#organization"},"potentialAction":[{"@type":"SearchAction","target":{"@type":"EntryPoint","urlTemplate":"https:\/\/www.tothesouth.com\/sv\/?s={search_term_string}"},"query-input":{"@type":"PropertyValueSpecification","valueRequired":true,"valueName":"search_term_string"}}],"inLanguage":"sv-SE"},{"@type":"Organization","@id":"https:\/\/www.tothesouth.com\/sv\/#organization","name":"To the South","url":"https:\/\/www.tothesouth.com\/sv\/","logo":{"@type":"ImageObject","inLanguage":"sv-SE","@id":"https:\/\/www.tothesouth.com\/sv\/#\/schema\/logo\/image\/","url":"https:\/\/www.tothesouth.com\/wp-content\/uploads\/2023\/02\/Logo-kleur_staand-scaled.jpg","contentUrl":"https:\/\/www.tothesouth.com\/wp-content\/uploads\/2023\/02\/Logo-kleur_staand-scaled.jpg","width":2048,"height":2048,"caption":"To the South"},"image":{"@id":"https:\/\/www.tothesouth.com\/sv\/#\/schema\/logo\/image\/"},"sameAs":["https:\/\/www.facebook.com\/tothesouthonline","https:\/\/www.instagram.com\/tothesouthonline\/"]}]}},"_links":{"self":[{"href":"https:\/\/www.tothesouth.com\/sv\/wp-json\/wp\/v2\/product\/114200","targetHints":{"allow":["GET"]}}],"collection":[{"href":"https:\/\/www.tothesouth.com\/sv\/wp-json\/wp\/v2\/product"}],"about":[{"href":"https:\/\/www.tothesouth.com\/sv\/wp-json\/wp\/v2\/types\/product"}],"wp:featuredmedia":[{"embeddable":true,"href":"https:\/\/www.tothesouth.com\/sv\/wp-json\/wp\/v2\/media\/138995"}],"wp:attachment":[{"href":"https:\/\/www.tothesouth.com\/sv\/wp-json\/wp\/v2\/media?parent=114200"}],"wp:term":[{"taxonomy":"product_brand","embeddable":true,"href":"https:\/\/www.tothesouth.com\/sv\/wp-json\/wp\/v2\/product_brand?post=114200"},{"taxonomy":"product_cat","embeddable":true,"href":"https:\/\/www.tothesouth.com\/sv\/wp-json\/wp\/v2\/product_cat?post=114200"},{"taxonomy":"product_tag","embeddable":true,"href":"https:\/\/www.tothesouth.com\/sv\/wp-json\/wp\/v2\/product_tag?post=114200"}],"curies":[{"name":"wp","href":"https:\/\/api.w.org\/{rel}","templated":true}]}}