{"id":114192,"date":"2020-04-01T14:13:47","date_gmt":"2021-10-21T12:03:59","guid":{"rendered":"https:\/\/www.tothesouth.com\/gardena-r130li-robotgrasklippare-knivar-titan\/"},"modified":"2021-10-21T14:03:59","modified_gmt":"2021-10-21T12:03:59","slug":"gardena-r130li-robotgrasklippare-knivar-titan","status":"publish","type":"product","link":"https:\/\/www.tothesouth.com\/sv\/produkt\/gardena-r130li-robotgrasklippare-knivar-titan\/","title":{"rendered":"Gardena R130Li Robotgr\u00e4sklippare Knivar titan"},"content":{"rendered":"<p>Gardena R130Li Robotgr\u00e4sklippare Knivar \u00e4r enkla att byta sj\u00e4lv. Det \u00e4r mycket enklare att byta knivar \u00e4n att slipa. Med dessa titanblad f\u00f6r Gardena R130Li f\u00e5r du en supersnygg gr\u00e4smatta i upp till tolv veckor! Eftersom det rekommenderas att byta ut knivarna var tredje m\u00e5nad kan du dra nytta av v\u00e5ra volymrabatter. Ju fler knivar du k\u00f6per, desto billigare \u00e4r kniven per styck. Beh\u00f6ver du verkligen bara tre blad? Inga problem! Frakten \u00e4r alltid gratis hos oss. \u00c4ven i sm\u00e5 antal.<\/p>\n<p>Naturligtvis vill du ha robotgr\u00e4sklipparen hemma snabbt. Om du best\u00e4ller f\u00f6re 12:00 skickas din best\u00e4llning samma dag. Du kommer att f\u00e5 din best\u00e4llning inom n\u00e5gra arbetsdagar. Du f\u00e5r din best\u00e4llning inom n\u00e5gra arbetsdagar! Frakt \u00e4r \u00e4ven gratis till Sverige!<\/p>\n","protected":false},"excerpt":{"rendered":"<p>Dessa Gardena Robotgr\u00e4sklippare Knivar \u00e4r universella och d\u00e4rf\u00f6r l\u00e4mpliga f\u00f6r Gardena R130Li robotgr\u00e4sklippare och alla andra Gardena robotgr\u00e4sklippare. Eftersom bladen \u00e4r gjorda av 0,6 mm massivt st\u00e5l och belagda med titan, h\u00e5ller de ungef\u00e4r en m\u00e5nad l\u00e4ngre \u00e4n st\u00e5lblad. Dessutom slipas knivarna p\u00e5 b\u00e5de botten och ovansidan, s\u00e5 att du f\u00e5r en \u00e4nnu t\u00e4tare gr\u00e4smatta. Bultarna f\u00f6r montering av knivarna ing\u00e5r, s\u00e5 att den kompletta robotgr\u00e4sklipparen \u00e4r som ny igen! Dessa Robotgr\u00e4sklippare Knivar av titan h\u00e5ller i upp till tre m\u00e5nader! Har du v\u00e5r <a href=\"https:\/\/www.tothesouth.com\/gardena-robotmaaier-mesjes-black-coated-limited-edition\/\"><b>svartbelagda blad (begr\u00e4nsad upplaga)<\/b><\/a> sett redan? De \u00e4r ocks\u00e5 l\u00e4mpliga f\u00f6r denna gr\u00e4sklippare och h\u00e5ller i upp till fyra m\u00e5nader!<\/p>\n<p>Slutf\u00f6r din best\u00e4llning nu med v\u00e5r <a href=\"https:\/\/www.tothesouth.com\/kabelverbinders-perimeterdraad-gardena-robotmaaiers\/\"><b>Kabelkontakter<\/b><\/a>,<a href=\"https:\/\/www.tothesouth.com\/aansluitklemmen-stekkers-gardena-robotmaaiers\/\"><b>Kabelkl\u00e4mma<\/b><\/a> och<a href=\"https:\/\/www.tothesouth.com\/draadpennen-haringen-gardena-robotmaaiers\/\"><b>Tordpinnar f\u00f6r gr\u00e4skabel<\/b><\/a>!<\/p>\n","protected":false},"featured_media":140075,"template":"","meta":[],"product_brand":[],"product_cat":[1434],"product_tag":[1506,1559],"class_list":{"0":"post-114192","1":"product","2":"type-product","3":"status-publish","4":"has-post-thumbnail","6":"product_cat-robotgrasklippare-knivar","7":"product_tag-gardena-sv","8":"product_tag-r130-li","10":"first","11":"instock","12":"taxable","13":"shipping-taxable","14":"purchasable","15":"product-type-variable"},"yoast_head":"<!-- This site is optimized with the Yoast SEO plugin v27.4 - https:\/\/yoast.com\/product\/yoast-seo-wordpress\/ -->\n<title>Gardena R130Li Robotgr\u00e4sklippare Knivar titan - To the South<\/title>\n<meta name=\"description\" content=\"K\u00f6p Gardena R130Li Robotgr\u00e4sklippare Knivar titan online p\u00e5 To the South. Knivskarpa Robotgr\u00e4sklippare Knivar och alltid fri frakt!\" \/>\n<meta name=\"robots\" content=\"index, follow, max-snippet:-1, max-image-preview:large, max-video-preview:-1\" \/>\n<link rel=\"canonical\" href=\"https:\/\/www.tothesouth.com\/sv\/produkt\/gardena-r130li-robotgrasklippare-knivar-titan\/\" \/>\n<meta property=\"og:locale\" content=\"sv_SE\" \/>\n<meta property=\"og:type\" content=\"article\" \/>\n<meta property=\"og:title\" content=\"Gardena R130Li Robotgr\u00e4sklippare Knivar titan - To the South\" \/>\n<meta property=\"og:description\" content=\"K\u00f6p Gardena R130Li Robotgr\u00e4sklippare Knivar titan online p\u00e5 To the South. Knivskarpa Robotgr\u00e4sklippare Knivar och alltid fri frakt!\" \/>\n<meta property=\"og:url\" content=\"https:\/\/www.tothesouth.com\/sv\/produkt\/gardena-r130li-robotgrasklippare-knivar-titan\/\" \/>\n<meta property=\"og:site_name\" content=\"To the South\" \/>\n<meta property=\"article:publisher\" content=\"https:\/\/www.facebook.com\/tothesouthonline\" \/>\n<meta property=\"og:image\" content=\"https:\/\/www.tothesouth.com\/wp-content\/uploads\/2020\/02\/robotmaaier-mesjes-gardena-titanium.jpg\" \/>\n\t<meta property=\"og:image:width\" content=\"800\" \/>\n\t<meta property=\"og:image:height\" content=\"800\" \/>\n\t<meta property=\"og:image:type\" content=\"image\/jpeg\" \/>\n<meta name=\"twitter:card\" content=\"summary_large_image\" \/>\n<meta name=\"twitter:label1\" content=\"Ber\u00e4knad l\u00e4stid\" \/>\n\t<meta name=\"twitter:data1\" content=\"1 minut\" \/>\n<script type=\"application\/ld+json\" class=\"yoast-schema-graph\">{\"@context\":\"https:\\\/\\\/schema.org\",\"@graph\":[{\"@type\":\"WebPage\",\"@id\":\"https:\\\/\\\/www.tothesouth.com\\\/sv\\\/produkt\\\/gardena-r130li-robotgrasklippare-knivar-titan\\\/\",\"url\":\"https:\\\/\\\/www.tothesouth.com\\\/sv\\\/produkt\\\/gardena-r130li-robotgrasklippare-knivar-titan\\\/\",\"name\":\"Gardena R130Li Robotgr\u00e4sklippare Knivar titan - To the South\",\"isPartOf\":{\"@id\":\"https:\\\/\\\/www.tothesouth.com\\\/sv\\\/#website\"},\"primaryImageOfPage\":{\"@id\":\"https:\\\/\\\/www.tothesouth.com\\\/sv\\\/produkt\\\/gardena-r130li-robotgrasklippare-knivar-titan\\\/#primaryimage\"},\"image\":{\"@id\":\"https:\\\/\\\/www.tothesouth.com\\\/sv\\\/produkt\\\/gardena-r130li-robotgrasklippare-knivar-titan\\\/#primaryimage\"},\"thumbnailUrl\":\"https:\\\/\\\/www.tothesouth.com\\\/wp-content\\\/uploads\\\/2024\\\/03\\\/gardena-titanium-02.jpg\",\"datePublished\":\"2021-10-21T12:03:59+00:00\",\"description\":\"K\u00f6p Gardena R130Li Robotgr\u00e4sklippare Knivar titan online p\u00e5 To the South. Knivskarpa Robotgr\u00e4sklippare Knivar och alltid fri frakt!\",\"breadcrumb\":{\"@id\":\"https:\\\/\\\/www.tothesouth.com\\\/sv\\\/produkt\\\/gardena-r130li-robotgrasklippare-knivar-titan\\\/#breadcrumb\"},\"inLanguage\":\"sv-SE\",\"potentialAction\":[{\"@type\":\"ReadAction\",\"target\":[\"https:\\\/\\\/www.tothesouth.com\\\/sv\\\/produkt\\\/gardena-r130li-robotgrasklippare-knivar-titan\\\/\"]}]},{\"@type\":\"ImageObject\",\"inLanguage\":\"sv-SE\",\"@id\":\"https:\\\/\\\/www.tothesouth.com\\\/sv\\\/produkt\\\/gardena-r130li-robotgrasklippare-knivar-titan\\\/#primaryimage\",\"url\":\"https:\\\/\\\/www.tothesouth.com\\\/wp-content\\\/uploads\\\/2024\\\/03\\\/gardena-titanium-02.jpg\",\"contentUrl\":\"https:\\\/\\\/www.tothesouth.com\\\/wp-content\\\/uploads\\\/2024\\\/03\\\/gardena-titanium-02.jpg\",\"width\":1200,\"height\":1200,\"caption\":\"Gardena robotmaaier mesjes titanium\"},{\"@type\":\"BreadcrumbList\",\"@id\":\"https:\\\/\\\/www.tothesouth.com\\\/sv\\\/produkt\\\/gardena-r130li-robotgrasklippare-knivar-titan\\\/#breadcrumb\",\"itemListElement\":[{\"@type\":\"ListItem\",\"position\":1,\"name\":\"Home\",\"item\":\"https:\\\/\\\/www.tothesouth.com\\\/sv\\\/hemsida\\\/\"},{\"@type\":\"ListItem\",\"position\":2,\"name\":\"Winkel\",\"item\":\"https:\\\/\\\/www.tothesouth.com\\\/en\\\/winkel\\\/\"},{\"@type\":\"ListItem\",\"position\":3,\"name\":\"Gardena R130Li Robotgr\u00e4sklippare Knivar titan\"}]},{\"@type\":\"WebSite\",\"@id\":\"https:\\\/\\\/www.tothesouth.com\\\/sv\\\/#website\",\"url\":\"https:\\\/\\\/www.tothesouth.com\\\/sv\\\/\",\"name\":\"To the South\",\"description\":\"\",\"publisher\":{\"@id\":\"https:\\\/\\\/www.tothesouth.com\\\/sv\\\/#organization\"},\"potentialAction\":[{\"@type\":\"SearchAction\",\"target\":{\"@type\":\"EntryPoint\",\"urlTemplate\":\"https:\\\/\\\/www.tothesouth.com\\\/sv\\\/?s={search_term_string}\"},\"query-input\":{\"@type\":\"PropertyValueSpecification\",\"valueRequired\":true,\"valueName\":\"search_term_string\"}}],\"inLanguage\":\"sv-SE\"},{\"@type\":\"Organization\",\"@id\":\"https:\\\/\\\/www.tothesouth.com\\\/sv\\\/#organization\",\"name\":\"To the South\",\"url\":\"https:\\\/\\\/www.tothesouth.com\\\/sv\\\/\",\"logo\":{\"@type\":\"ImageObject\",\"inLanguage\":\"sv-SE\",\"@id\":\"https:\\\/\\\/www.tothesouth.com\\\/sv\\\/#\\\/schema\\\/logo\\\/image\\\/\",\"url\":\"https:\\\/\\\/www.tothesouth.com\\\/wp-content\\\/uploads\\\/2023\\\/02\\\/Logo-kleur_staand-scaled.jpg\",\"contentUrl\":\"https:\\\/\\\/www.tothesouth.com\\\/wp-content\\\/uploads\\\/2023\\\/02\\\/Logo-kleur_staand-scaled.jpg\",\"width\":2048,\"height\":2048,\"caption\":\"To the South\"},\"image\":{\"@id\":\"https:\\\/\\\/www.tothesouth.com\\\/sv\\\/#\\\/schema\\\/logo\\\/image\\\/\"},\"sameAs\":[\"https:\\\/\\\/www.facebook.com\\\/tothesouthonline\",\"https:\\\/\\\/www.instagram.com\\\/tothesouthonline\\\/\"]}]}<\/script>\n<!-- \/ Yoast SEO plugin. -->","yoast_head_json":{"title":"Gardena R130Li Robotgr\u00e4sklippare Knivar titan - To the South","description":"K\u00f6p Gardena R130Li Robotgr\u00e4sklippare Knivar titan online p\u00e5 To the South. Knivskarpa Robotgr\u00e4sklippare Knivar och alltid fri frakt!","robots":{"index":"index","follow":"follow","max-snippet":"max-snippet:-1","max-image-preview":"max-image-preview:large","max-video-preview":"max-video-preview:-1"},"canonical":"https:\/\/www.tothesouth.com\/sv\/produkt\/gardena-r130li-robotgrasklippare-knivar-titan\/","og_locale":"sv_SE","og_type":"article","og_title":"Gardena R130Li Robotgr\u00e4sklippare Knivar titan - To the South","og_description":"K\u00f6p Gardena R130Li Robotgr\u00e4sklippare Knivar titan online p\u00e5 To the South. Knivskarpa Robotgr\u00e4sklippare Knivar och alltid fri frakt!","og_url":"https:\/\/www.tothesouth.com\/sv\/produkt\/gardena-r130li-robotgrasklippare-knivar-titan\/","og_site_name":"To the South","article_publisher":"https:\/\/www.facebook.com\/tothesouthonline","og_image":[{"width":800,"height":800,"url":"https:\/\/www.tothesouth.com\/wp-content\/uploads\/2020\/02\/robotmaaier-mesjes-gardena-titanium.jpg","type":"image\/jpeg"}],"twitter_card":"summary_large_image","twitter_misc":{"Ber\u00e4knad l\u00e4stid":"1 minut"},"schema":{"@context":"https:\/\/schema.org","@graph":[{"@type":"WebPage","@id":"https:\/\/www.tothesouth.com\/sv\/produkt\/gardena-r130li-robotgrasklippare-knivar-titan\/","url":"https:\/\/www.tothesouth.com\/sv\/produkt\/gardena-r130li-robotgrasklippare-knivar-titan\/","name":"Gardena R130Li Robotgr\u00e4sklippare Knivar titan - To the South","isPartOf":{"@id":"https:\/\/www.tothesouth.com\/sv\/#website"},"primaryImageOfPage":{"@id":"https:\/\/www.tothesouth.com\/sv\/produkt\/gardena-r130li-robotgrasklippare-knivar-titan\/#primaryimage"},"image":{"@id":"https:\/\/www.tothesouth.com\/sv\/produkt\/gardena-r130li-robotgrasklippare-knivar-titan\/#primaryimage"},"thumbnailUrl":"https:\/\/www.tothesouth.com\/wp-content\/uploads\/2024\/03\/gardena-titanium-02.jpg","datePublished":"2021-10-21T12:03:59+00:00","description":"K\u00f6p Gardena R130Li Robotgr\u00e4sklippare Knivar titan online p\u00e5 To the South. Knivskarpa Robotgr\u00e4sklippare Knivar och alltid fri frakt!","breadcrumb":{"@id":"https:\/\/www.tothesouth.com\/sv\/produkt\/gardena-r130li-robotgrasklippare-knivar-titan\/#breadcrumb"},"inLanguage":"sv-SE","potentialAction":[{"@type":"ReadAction","target":["https:\/\/www.tothesouth.com\/sv\/produkt\/gardena-r130li-robotgrasklippare-knivar-titan\/"]}]},{"@type":"ImageObject","inLanguage":"sv-SE","@id":"https:\/\/www.tothesouth.com\/sv\/produkt\/gardena-r130li-robotgrasklippare-knivar-titan\/#primaryimage","url":"https:\/\/www.tothesouth.com\/wp-content\/uploads\/2024\/03\/gardena-titanium-02.jpg","contentUrl":"https:\/\/www.tothesouth.com\/wp-content\/uploads\/2024\/03\/gardena-titanium-02.jpg","width":1200,"height":1200,"caption":"Gardena robotmaaier mesjes titanium"},{"@type":"BreadcrumbList","@id":"https:\/\/www.tothesouth.com\/sv\/produkt\/gardena-r130li-robotgrasklippare-knivar-titan\/#breadcrumb","itemListElement":[{"@type":"ListItem","position":1,"name":"Home","item":"https:\/\/www.tothesouth.com\/sv\/hemsida\/"},{"@type":"ListItem","position":2,"name":"Winkel","item":"https:\/\/www.tothesouth.com\/en\/winkel\/"},{"@type":"ListItem","position":3,"name":"Gardena R130Li Robotgr\u00e4sklippare Knivar titan"}]},{"@type":"WebSite","@id":"https:\/\/www.tothesouth.com\/sv\/#website","url":"https:\/\/www.tothesouth.com\/sv\/","name":"To the South","description":"","publisher":{"@id":"https:\/\/www.tothesouth.com\/sv\/#organization"},"potentialAction":[{"@type":"SearchAction","target":{"@type":"EntryPoint","urlTemplate":"https:\/\/www.tothesouth.com\/sv\/?s={search_term_string}"},"query-input":{"@type":"PropertyValueSpecification","valueRequired":true,"valueName":"search_term_string"}}],"inLanguage":"sv-SE"},{"@type":"Organization","@id":"https:\/\/www.tothesouth.com\/sv\/#organization","name":"To the South","url":"https:\/\/www.tothesouth.com\/sv\/","logo":{"@type":"ImageObject","inLanguage":"sv-SE","@id":"https:\/\/www.tothesouth.com\/sv\/#\/schema\/logo\/image\/","url":"https:\/\/www.tothesouth.com\/wp-content\/uploads\/2023\/02\/Logo-kleur_staand-scaled.jpg","contentUrl":"https:\/\/www.tothesouth.com\/wp-content\/uploads\/2023\/02\/Logo-kleur_staand-scaled.jpg","width":2048,"height":2048,"caption":"To the South"},"image":{"@id":"https:\/\/www.tothesouth.com\/sv\/#\/schema\/logo\/image\/"},"sameAs":["https:\/\/www.facebook.com\/tothesouthonline","https:\/\/www.instagram.com\/tothesouthonline\/"]}]}},"_links":{"self":[{"href":"https:\/\/www.tothesouth.com\/sv\/wp-json\/wp\/v2\/product\/114192","targetHints":{"allow":["GET"]}}],"collection":[{"href":"https:\/\/www.tothesouth.com\/sv\/wp-json\/wp\/v2\/product"}],"about":[{"href":"https:\/\/www.tothesouth.com\/sv\/wp-json\/wp\/v2\/types\/product"}],"wp:featuredmedia":[{"embeddable":true,"href":"https:\/\/www.tothesouth.com\/sv\/wp-json\/wp\/v2\/media\/140075"}],"wp:attachment":[{"href":"https:\/\/www.tothesouth.com\/sv\/wp-json\/wp\/v2\/media?parent=114192"}],"wp:term":[{"taxonomy":"product_brand","embeddable":true,"href":"https:\/\/www.tothesouth.com\/sv\/wp-json\/wp\/v2\/product_brand?post=114192"},{"taxonomy":"product_cat","embeddable":true,"href":"https:\/\/www.tothesouth.com\/sv\/wp-json\/wp\/v2\/product_cat?post=114192"},{"taxonomy":"product_tag","embeddable":true,"href":"https:\/\/www.tothesouth.com\/sv\/wp-json\/wp\/v2\/product_tag?post=114192"}],"curies":[{"name":"wp","href":"https:\/\/api.w.org\/{rel}","templated":true}]}}